{"id":2414,"date":"2025-10-10T11:07:33","date_gmt":"2025-10-10T16:07:33","guid":{"rendered":"https:\/\/www.oefa.gob.pe\/datatonoefainnova2025\/?page_id=2414"},"modified":"2025-10-10T11:18:15","modified_gmt":"2025-10-10T16:18:15","slug":"difusion","status":"publish","type":"page","link":"https:\/\/www.oefa.gob.pe\/datatonoefainnova2025\/difusion\/","title":{"rendered":"Difusi\u00f3n"},"content":{"rendered":"\t\t<div data-elementor-type=\"wp-page\" data-elementor-id=\"2414\" class=\"elementor elementor-2414\">\n\t\t\t\t<div class=\"elementor-element elementor-element-4a6d45b e-flex e-con-boxed wpr-particle-no wpr-jarallax-no wpr-parallax-no wpr-sticky-section-no wpr-equal-height-no e-con e-parent\" data-id=\"4a6d45b\" data-element_type=\"container\" data-e-type=\"container\">\n\t\t\t\t\t<div class=\"e-con-inner\">\n\t\t<div class=\"elementor-element elementor-element-eae7020 e-con-full e-flex wpr-particle-no wpr-jarallax-no wpr-parallax-no wpr-sticky-section-no wpr-equal-height-no e-con e-child\" data-id=\"eae7020\" data-element_type=\"container\" data-e-type=\"container\">\n\t\t\t\t<div class=\"elementor-element elementor-element-26fe991 ekit-equal-height-enable elementor-widget elementor-widget-elementskit-image-box\" data-id=\"26fe991\" data-element_type=\"widget\" data-e-type=\"widget\" data-widget_type=\"elementskit-image-box.default\">\n\t\t\t\t\t<div class=\"ekit-wid-con\" >\n            <div class=\"elementskit-info-image-box ekit-image-box text-center hover_from_right hover-border-bottom\" >\n\n                \n                <div class=\"elementskit-box-header image-box-img-center\">\n\n                    <img fetchpriority=\"high\" decoding=\"async\" width=\"2560\" height=\"1444\" src=\"https:\/\/www.oefa.gob.pe\/datatonoefainnova2025\/wp-content\/uploads\/sites\/6\/2025\/10\/1245319-imagen.jpg\" class=\"attachment-full size-full wp-image-2419\" alt=\"\" srcset=\"https:\/\/www.oefa.gob.pe\/datatonoefainnova2025\/wp-content\/uploads\/sites\/6\/2025\/10\/1245319-imagen.jpg 2560w, https:\/\/www.oefa.gob.pe\/datatonoefainnova2025\/wp-content\/uploads\/sites\/6\/2025\/10\/1245319-imagen-300x169.jpg 300w, https:\/\/www.oefa.gob.pe\/datatonoefainnova2025\/wp-content\/uploads\/sites\/6\/2025\/10\/1245319-imagen-1024x578.jpg 1024w, https:\/\/www.oefa.gob.pe\/datatonoefainnova2025\/wp-content\/uploads\/sites\/6\/2025\/10\/1245319-imagen-768x433.jpg 768w, https:\/\/www.oefa.gob.pe\/datatonoefainnova2025\/wp-content\/uploads\/sites\/6\/2025\/10\/1245319-imagen-1536x866.jpg 1536w, https:\/\/www.oefa.gob.pe\/datatonoefainnova2025\/wp-content\/uploads\/sites\/6\/2025\/10\/1245319-imagen-2048x1155.jpg 2048w\" sizes=\"(max-width: 2560px) 100vw, 2560px\" \/>\n                <\/div>\n                \n                <div class=\"elementskit-box-body ekit-image-box-body\">\n                    <div class=\"elementskit-box-content ekit-image-box-body-inner\">\n                                                <h3 class=\"elementskit-info-box-title\">\n\n                        OEFA lanz\u00f3 Datat\u00f3n 2025 para recibir propuestas tecnol\u00f3gicas creativas que protejan el ambiente\n                        \n                    <\/h3>\n                                                        <\/div>\n\n                                <div class=\"elementskit-box-footer\">\n                    <div class=\"box-footer\">\n                        <div class=\"btn-wraper\">\n                                                            <a href=\"https:\/\/www.gob.pe\/institucion\/oefa\/noticias\/1245319-oefa-lanzo-dataton-2025-para-recibir-propuestas-tecnologicas-creativas-que-protejan-el-ambiente\" target=\"_blank\" class=\"elementskit-btn whitespace--normal\">\n                                    \n                                    \n                                    Ver m\u00e1s                                <\/a>\n                                                        <\/div>\n                    <\/div>\n                <\/div>\n                            <\/div>\n            <\/div>\n    <\/div>\t\t\t\t<\/div>\n\t\t\t\t<\/div>\n\t\t<div class=\"elementor-element elementor-element-8155878 e-con-full e-flex wpr-particle-no wpr-jarallax-no wpr-parallax-no wpr-sticky-section-no wpr-equal-height-no e-con e-child\" data-id=\"8155878\" data-element_type=\"container\" data-e-type=\"container\">\n\t\t\t\t<div class=\"elementor-element elementor-element-87c65be ekit-equal-height-enable elementor-widget elementor-widget-elementskit-image-box\" data-id=\"87c65be\" data-element_type=\"widget\" data-e-type=\"widget\" data-widget_type=\"elementskit-image-box.default\">\n\t\t\t\t\t<div class=\"ekit-wid-con\" >\n            <div class=\"elementskit-info-image-box ekit-image-box text-center hover_from_right hover-border-bottom\" >\n\n                \n                <div class=\"elementskit-box-header image-box-img-center\">\n\n                    <img decoding=\"async\" width=\"2048\" height=\"1152\" src=\"https:\/\/www.oefa.gob.pe\/datatonoefainnova2025\/wp-content\/uploads\/sites\/6\/2025\/10\/1257649-imagen-1.jpg\" class=\"attachment-full size-full wp-image-2421\" alt=\"\" srcset=\"https:\/\/www.oefa.gob.pe\/datatonoefainnova2025\/wp-content\/uploads\/sites\/6\/2025\/10\/1257649-imagen-1.jpg 2048w, https:\/\/www.oefa.gob.pe\/datatonoefainnova2025\/wp-content\/uploads\/sites\/6\/2025\/10\/1257649-imagen-1-300x169.jpg 300w, https:\/\/www.oefa.gob.pe\/datatonoefainnova2025\/wp-content\/uploads\/sites\/6\/2025\/10\/1257649-imagen-1-1024x576.jpg 1024w, https:\/\/www.oefa.gob.pe\/datatonoefainnova2025\/wp-content\/uploads\/sites\/6\/2025\/10\/1257649-imagen-1-768x432.jpg 768w, https:\/\/www.oefa.gob.pe\/datatonoefainnova2025\/wp-content\/uploads\/sites\/6\/2025\/10\/1257649-imagen-1-1536x864.jpg 1536w\" sizes=\"(max-width: 2048px) 100vw, 2048px\" \/>\n                <\/div>\n                \n                <div class=\"elementskit-box-body ekit-image-box-body\">\n                    <div class=\"elementskit-box-content ekit-image-box-body-inner\">\n                                                <h3 class=\"elementskit-info-box-title\">\n\n                        Datat\u00f3n OEFA Innova 2025: 20 equipos finalistas que llevar\u00e1n la ciencia de datos a la protecci\u00f3n ambiental\n                        \n                    <\/h3>\n                                                        <\/div>\n\n                                <div class=\"elementskit-box-footer\">\n                    <div class=\"box-footer\">\n                        <div class=\"btn-wraper\">\n                                                            <a href=\"https:\/\/www.gob.pe\/institucion\/oefa\/noticias\/1257649-dataton-oefa-innova-2025-20-equipos-finalistas-que-llevaran-la-ciencia-de-datos-a-la-proteccion-ambiental\" target=\"_blank\" class=\"elementskit-btn whitespace--normal\">\n                                    \n                                    \n                                    Ver m\u00e1s                                <\/a>\n                                                        <\/div>\n                    <\/div>\n                <\/div>\n                            <\/div>\n            <\/div>\n    <\/div>\t\t\t\t<\/div>\n\t\t\t\t<\/div>\n\t\t<div class=\"elementor-element elementor-element-1c74371 e-con-full e-flex wpr-particle-no wpr-jarallax-no wpr-parallax-no wpr-sticky-section-no wpr-equal-height-no e-con e-child\" data-id=\"1c74371\" data-element_type=\"container\" data-e-type=\"container\">\n\t\t\t\t<div class=\"elementor-element elementor-element-e03b658 ekit-equal-height-enable elementor-widget elementor-widget-elementskit-image-box\" data-id=\"e03b658\" data-element_type=\"widget\" data-e-type=\"widget\" data-widget_type=\"elementskit-image-box.default\">\n\t\t\t\t\t<div class=\"ekit-wid-con\" >\n            <div class=\"elementskit-info-image-box ekit-image-box text-center hover_from_right hover-border-bottom\" >\n\n                \n                <div class=\"elementskit-box-header image-box-img-center\">\n\n                    <img decoding=\"async\" width=\"2048\" height=\"1150\" src=\"https:\/\/www.oefa.gob.pe\/datatonoefainnova2025\/wp-content\/uploads\/sites\/6\/2025\/10\/nota_prensa_3.jpg\" class=\"attachment-full size-full wp-image-2441\" alt=\"\" srcset=\"https:\/\/www.oefa.gob.pe\/datatonoefainnova2025\/wp-content\/uploads\/sites\/6\/2025\/10\/nota_prensa_3.jpg 2048w, https:\/\/www.oefa.gob.pe\/datatonoefainnova2025\/wp-content\/uploads\/sites\/6\/2025\/10\/nota_prensa_3-300x168.jpg 300w, https:\/\/www.oefa.gob.pe\/datatonoefainnova2025\/wp-content\/uploads\/sites\/6\/2025\/10\/nota_prensa_3-1024x575.jpg 1024w, https:\/\/www.oefa.gob.pe\/datatonoefainnova2025\/wp-content\/uploads\/sites\/6\/2025\/10\/nota_prensa_3-768x431.jpg 768w, https:\/\/www.oefa.gob.pe\/datatonoefainnova2025\/wp-content\/uploads\/sites\/6\/2025\/10\/nota_prensa_3-1536x863.jpg 1536w\" sizes=\"(max-width: 2048px) 100vw, 2048px\" \/>\n                <\/div>\n                \n                <div class=\"elementskit-box-body ekit-image-box-body\">\n                    <div class=\"elementskit-box-content ekit-image-box-body-inner\">\n                                                <h3 class=\"elementskit-info-box-title\">\n\n                        Proyecto \u201cRadar de riesgo h\u00eddrico\u201d gan\u00f3 la Datat\u00f3n OEFA Innova 2025\n                        \n                    <\/h3>\n                                                        <\/div>\n\n                                <div class=\"elementskit-box-footer\">\n                    <div class=\"box-footer\">\n                        <div class=\"btn-wraper\">\n                                                            <a href=\"https:\/\/www.gob.pe\/institucion\/oefa\/noticias\/1258922-proyecto-radar-de-riesgo-hidrico-gano-la-dataton-oefa-innova-2025\" target=\"_blank\" class=\"elementskit-btn whitespace--normal\">\n                                    \n                                    \n                                    Ver m\u00e1s                                <\/a>\n                                                        <\/div>\n                    <\/div>\n                <\/div>\n                            <\/div>\n            <\/div>\n    <\/div>\t\t\t\t<\/div>\n\t\t\t\t<\/div>\n\t\t\t\t\t<\/div>\n\t\t\t\t<\/div>\n\t\t\t\t<\/div>\n\t\t","protected":false},"excerpt":{"rendered":"<p>OEFA lanz\u00f3 Datat\u00f3n 2025 para recibir propuestas tecnol\u00f3gicas creativas que protejan el ambiente Ver m\u00e1s Datat\u00f3n OEFA Innova 2025: 20 equipos finalistas que llevar\u00e1n la ciencia de datos a la protecci\u00f3n ambiental Ver m\u00e1s Proyecto \u201cRadar de riesgo h\u00eddrico\u201d gan\u00f3 la Datat\u00f3n OEFA Innova 2025 Ver m\u00e1s<\/p>\n","protected":false},"author":1,"featured_media":0,"parent":0,"menu_order":0,"comment_status":"closed","ping_status":"closed","template":"elementor_header_footer","meta":{"footnotes":""},"class_list":["post-2414","page","type-page","status-publish","hentry"],"yoast_head":"<!-- This site is optimized with the Yoast SEO plugin v27.3 - https:\/\/yoast.com\/product\/yoast-seo-wordpress\/ -->\n<title>Difusi\u00f3n - Datat\u00f3n OEFA INNOVA 2025<\/title>\n<meta name=\"robots\" content=\"index, follow, max-snippet:-1, max-image-preview:large, max-video-preview:-1\" \/>\n<link rel=\"canonical\" href=\"https:\/\/www.oefa.gob.pe\/datatonoefainnova2025\/difusion\/\" \/>\n<meta property=\"og:locale\" content=\"es_ES\" \/>\n<meta property=\"og:type\" content=\"article\" \/>\n<meta property=\"og:title\" content=\"Difusi\u00f3n - Datat\u00f3n OEFA INNOVA 2025\" \/>\n<meta property=\"og:description\" content=\"OEFA lanz\u00f3 Datat\u00f3n 2025 para recibir propuestas tecnol\u00f3gicas creativas que protejan el ambiente Ver m\u00e1s Datat\u00f3n OEFA Innova 2025: 20 equipos finalistas que llevar\u00e1n la ciencia de datos a la protecci\u00f3n ambiental Ver m\u00e1s Proyecto \u201cRadar de riesgo h\u00eddrico\u201d gan\u00f3 la Datat\u00f3n OEFA Innova 2025 Ver m\u00e1s\" \/>\n<meta property=\"og:url\" content=\"https:\/\/www.oefa.gob.pe\/datatonoefainnova2025\/difusion\/\" \/>\n<meta property=\"og:site_name\" content=\"Datat\u00f3n OEFA INNOVA 2025\" \/>\n<meta property=\"article:modified_time\" content=\"2025-10-10T16:18:15+00:00\" \/>\n<meta property=\"og:image\" content=\"http:\/\/www.oefa.gob.pe\/datatonoefainnova2025\/wp-content\/uploads\/sites\/6\/2025\/10\/1245319-imagen.jpg\" \/>\n<meta name=\"twitter:card\" content=\"summary_large_image\" \/>\n<meta name=\"twitter:label1\" content=\"Tiempo de lectura\" \/>\n\t<meta name=\"twitter:data1\" content=\"1 minuto\" \/>\n<script type=\"application\/ld+json\" class=\"yoast-schema-graph\">{\"@context\":\"https:\\\/\\\/schema.org\",\"@graph\":[{\"@type\":\"WebPage\",\"@id\":\"https:\\\/\\\/www.oefa.gob.pe\\\/datatonoefainnova2025\\\/difusion\\\/\",\"url\":\"https:\\\/\\\/www.oefa.gob.pe\\\/datatonoefainnova2025\\\/difusion\\\/\",\"name\":\"Difusi\u00f3n - Datat\u00f3n OEFA INNOVA 2025\",\"isPartOf\":{\"@id\":\"https:\\\/\\\/www.oefa.gob.pe\\\/datatonoefainnova2025\\\/#website\"},\"primaryImageOfPage\":{\"@id\":\"https:\\\/\\\/www.oefa.gob.pe\\\/datatonoefainnova2025\\\/difusion\\\/#primaryimage\"},\"image\":{\"@id\":\"https:\\\/\\\/www.oefa.gob.pe\\\/datatonoefainnova2025\\\/difusion\\\/#primaryimage\"},\"thumbnailUrl\":\"http:\\\/\\\/www.oefa.gob.pe\\\/datatonoefainnova2025\\\/wp-content\\\/uploads\\\/sites\\\/6\\\/2025\\\/10\\\/1245319-imagen.jpg\",\"datePublished\":\"2025-10-10T16:07:33+00:00\",\"dateModified\":\"2025-10-10T16:18:15+00:00\",\"breadcrumb\":{\"@id\":\"https:\\\/\\\/www.oefa.gob.pe\\\/datatonoefainnova2025\\\/difusion\\\/#breadcrumb\"},\"inLanguage\":\"es\",\"potentialAction\":[{\"@type\":\"ReadAction\",\"target\":[\"https:\\\/\\\/www.oefa.gob.pe\\\/datatonoefainnova2025\\\/difusion\\\/\"]}]},{\"@type\":\"ImageObject\",\"inLanguage\":\"es\",\"@id\":\"https:\\\/\\\/www.oefa.gob.pe\\\/datatonoefainnova2025\\\/difusion\\\/#primaryimage\",\"url\":\"https:\\\/\\\/www.oefa.gob.pe\\\/datatonoefainnova2025\\\/wp-content\\\/uploads\\\/sites\\\/6\\\/2025\\\/10\\\/1245319-imagen.jpg\",\"contentUrl\":\"https:\\\/\\\/www.oefa.gob.pe\\\/datatonoefainnova2025\\\/wp-content\\\/uploads\\\/sites\\\/6\\\/2025\\\/10\\\/1245319-imagen.jpg\",\"width\":2560,\"height\":1444},{\"@type\":\"BreadcrumbList\",\"@id\":\"https:\\\/\\\/www.oefa.gob.pe\\\/datatonoefainnova2025\\\/difusion\\\/#breadcrumb\",\"itemListElement\":[{\"@type\":\"ListItem\",\"position\":1,\"name\":\"Portada\",\"item\":\"https:\\\/\\\/www.oefa.gob.pe\\\/datatonoefainnova2025\\\/\"},{\"@type\":\"ListItem\",\"position\":2,\"name\":\"Difusi\u00f3n\"}]},{\"@type\":\"WebSite\",\"@id\":\"https:\\\/\\\/www.oefa.gob.pe\\\/datatonoefainnova2025\\\/#website\",\"url\":\"https:\\\/\\\/www.oefa.gob.pe\\\/datatonoefainnova2025\\\/\",\"name\":\"Datat\u00f3n OEFA INNOVA 2025\",\"description\":\"\",\"potentialAction\":[{\"@type\":\"SearchAction\",\"target\":{\"@type\":\"EntryPoint\",\"urlTemplate\":\"https:\\\/\\\/www.oefa.gob.pe\\\/datatonoefainnova2025\\\/?s={search_term_string}\"},\"query-input\":{\"@type\":\"PropertyValueSpecification\",\"valueRequired\":true,\"valueName\":\"search_term_string\"}}],\"inLanguage\":\"es\"}]}<\/script>\n<!-- \/ Yoast SEO plugin. -->","yoast_head_json":{"title":"Difusi\u00f3n - Datat\u00f3n OEFA INNOVA 2025","robots":{"index":"index","follow":"follow","max-snippet":"max-snippet:-1","max-image-preview":"max-image-preview:large","max-video-preview":"max-video-preview:-1"},"canonical":"https:\/\/www.oefa.gob.pe\/datatonoefainnova2025\/difusion\/","og_locale":"es_ES","og_type":"article","og_title":"Difusi\u00f3n - Datat\u00f3n OEFA INNOVA 2025","og_description":"OEFA lanz\u00f3 Datat\u00f3n 2025 para recibir propuestas tecnol\u00f3gicas creativas que protejan el ambiente Ver m\u00e1s Datat\u00f3n OEFA Innova 2025: 20 equipos finalistas que llevar\u00e1n la ciencia de datos a la protecci\u00f3n ambiental Ver m\u00e1s Proyecto \u201cRadar de riesgo h\u00eddrico\u201d gan\u00f3 la Datat\u00f3n OEFA Innova 2025 Ver m\u00e1s","og_url":"https:\/\/www.oefa.gob.pe\/datatonoefainnova2025\/difusion\/","og_site_name":"Datat\u00f3n OEFA INNOVA 2025","article_modified_time":"2025-10-10T16:18:15+00:00","og_image":[{"url":"http:\/\/www.oefa.gob.pe\/datatonoefainnova2025\/wp-content\/uploads\/sites\/6\/2025\/10\/1245319-imagen.jpg","type":"","width":"","height":""}],"twitter_card":"summary_large_image","twitter_misc":{"Tiempo de lectura":"1 minuto"},"schema":{"@context":"https:\/\/schema.org","@graph":[{"@type":"WebPage","@id":"https:\/\/www.oefa.gob.pe\/datatonoefainnova2025\/difusion\/","url":"https:\/\/www.oefa.gob.pe\/datatonoefainnova2025\/difusion\/","name":"Difusi\u00f3n - Datat\u00f3n OEFA INNOVA 2025","isPartOf":{"@id":"https:\/\/www.oefa.gob.pe\/datatonoefainnova2025\/#website"},"primaryImageOfPage":{"@id":"https:\/\/www.oefa.gob.pe\/datatonoefainnova2025\/difusion\/#primaryimage"},"image":{"@id":"https:\/\/www.oefa.gob.pe\/datatonoefainnova2025\/difusion\/#primaryimage"},"thumbnailUrl":"http:\/\/www.oefa.gob.pe\/datatonoefainnova2025\/wp-content\/uploads\/sites\/6\/2025\/10\/1245319-imagen.jpg","datePublished":"2025-10-10T16:07:33+00:00","dateModified":"2025-10-10T16:18:15+00:00","breadcrumb":{"@id":"https:\/\/www.oefa.gob.pe\/datatonoefainnova2025\/difusion\/#breadcrumb"},"inLanguage":"es","potentialAction":[{"@type":"ReadAction","target":["https:\/\/www.oefa.gob.pe\/datatonoefainnova2025\/difusion\/"]}]},{"@type":"ImageObject","inLanguage":"es","@id":"https:\/\/www.oefa.gob.pe\/datatonoefainnova2025\/difusion\/#primaryimage","url":"https:\/\/www.oefa.gob.pe\/datatonoefainnova2025\/wp-content\/uploads\/sites\/6\/2025\/10\/1245319-imagen.jpg","contentUrl":"https:\/\/www.oefa.gob.pe\/datatonoefainnova2025\/wp-content\/uploads\/sites\/6\/2025\/10\/1245319-imagen.jpg","width":2560,"height":1444},{"@type":"BreadcrumbList","@id":"https:\/\/www.oefa.gob.pe\/datatonoefainnova2025\/difusion\/#breadcrumb","itemListElement":[{"@type":"ListItem","position":1,"name":"Portada","item":"https:\/\/www.oefa.gob.pe\/datatonoefainnova2025\/"},{"@type":"ListItem","position":2,"name":"Difusi\u00f3n"}]},{"@type":"WebSite","@id":"https:\/\/www.oefa.gob.pe\/datatonoefainnova2025\/#website","url":"https:\/\/www.oefa.gob.pe\/datatonoefainnova2025\/","name":"Datat\u00f3n OEFA INNOVA 2025","description":"","potentialAction":[{"@type":"SearchAction","target":{"@type":"EntryPoint","urlTemplate":"https:\/\/www.oefa.gob.pe\/datatonoefainnova2025\/?s={search_term_string}"},"query-input":{"@type":"PropertyValueSpecification","valueRequired":true,"valueName":"search_term_string"}}],"inLanguage":"es"}]}},"_links":{"self":[{"href":"https:\/\/www.oefa.gob.pe\/datatonoefainnova2025\/wp-json\/wp\/v2\/pages\/2414","targetHints":{"allow":["GET"]}}],"collection":[{"href":"https:\/\/www.oefa.gob.pe\/datatonoefainnova2025\/wp-json\/wp\/v2\/pages"}],"about":[{"href":"https:\/\/www.oefa.gob.pe\/datatonoefainnova2025\/wp-json\/wp\/v2\/types\/page"}],"author":[{"embeddable":true,"href":"https:\/\/www.oefa.gob.pe\/datatonoefainnova2025\/wp-json\/wp\/v2\/users\/1"}],"replies":[{"embeddable":true,"href":"https:\/\/www.oefa.gob.pe\/datatonoefainnova2025\/wp-json\/wp\/v2\/comments?post=2414"}],"version-history":[{"count":28,"href":"https:\/\/www.oefa.gob.pe\/datatonoefainnova2025\/wp-json\/wp\/v2\/pages\/2414\/revisions"}],"predecessor-version":[{"id":2450,"href":"https:\/\/www.oefa.gob.pe\/datatonoefainnova2025\/wp-json\/wp\/v2\/pages\/2414\/revisions\/2450"}],"wp:attachment":[{"href":"https:\/\/www.oefa.gob.pe\/datatonoefainnova2025\/wp-json\/wp\/v2\/media?parent=2414"}],"curies":[{"name":"wp","href":"https:\/\/api.w.org\/{rel}","templated":true}]}}