{"id":2269,"date":"2025-03-28T00:00:59","date_gmt":"2025-03-28T05:00:59","guid":{"rendered":"https:\/\/erca.edu.pe\/web\/?page_id=2269"},"modified":"2025-04-16T10:38:55","modified_gmt":"2025-04-16T15:38:55","slug":"temporada-2-episodio-2","status":"publish","type":"page","link":"https:\/\/www.oefa.gob.pe\/rufoylena\/episodios\/temporada-2-episodio-2\/","title":{"rendered":"Temporada 2 &#8211; Episodio 2"},"content":{"rendered":"\t\t<div data-elementor-type=\"wp-page\" data-elementor-id=\"2269\" class=\"elementor elementor-2269\">\n\t\t\t\t<div class=\"elementor-element elementor-element-65549d95 e-flex e-con-boxed wpr-particle-no wpr-jarallax-no wpr-parallax-no wpr-sticky-section-no wpr-equal-height-no e-con e-parent\" data-id=\"65549d95\" data-element_type=\"container\" data-e-type=\"container\">\n\t\t\t\t\t<div class=\"e-con-inner\">\n\t\t\t\t<div class=\"elementor-element elementor-element-1b2bbd37 elementor-position-inline-start elementor-mobile-position-inline-start elementor-view-default elementor-widget elementor-widget-icon-box\" data-id=\"1b2bbd37\" data-element_type=\"widget\" data-e-type=\"widget\" data-widget_type=\"icon-box.default\">\n\t\t\t\t<div class=\"elementor-widget-container\">\n\t\t\t\t\t\t\t<div class=\"elementor-icon-box-wrapper\">\n\n\t\t\t\t\t\t<div class=\"elementor-icon-box-icon\">\n\t\t\t\t<a href=\"https:\/\/www.oefa.gob.pe\/rufoylena\/episodios\/\" class=\"elementor-icon\" tabindex=\"-1\" aria-label=\"Ver todos los episodios\">\n\t\t\t\t<svg aria-hidden=\"true\" class=\"e-font-icon-svg e-fas-arrow-left\" viewBox=\"0 0 448 512\" xmlns=\"http:\/\/www.w3.org\/2000\/svg\"><path d=\"M257.5 445.1l-22.2 22.2c-9.4 9.4-24.6 9.4-33.9 0L7 273c-9.4-9.4-9.4-24.6 0-33.9L201.4 44.7c9.4-9.4 24.6-9.4 33.9 0l22.2 22.2c9.5 9.5 9.3 25-.4 34.3L136.6 216H424c13.3 0 24 10.7 24 24v32c0 13.3-10.7 24-24 24H136.6l120.5 114.8c9.8 9.3 10 24.8.4 34.3z\"><\/path><\/svg>\t\t\t\t<\/a>\n\t\t\t<\/div>\n\t\t\t\n\t\t\t\t\t\t<div class=\"elementor-icon-box-content\">\n\n\t\t\t\t\t\t\t\t\t<h3 class=\"elementor-icon-box-title\">\n\t\t\t\t\t\t<a href=\"https:\/\/www.oefa.gob.pe\/rufoylena\/episodios\/\" >\n\t\t\t\t\t\t\tVer todos los episodios\t\t\t\t\t\t<\/a>\n\t\t\t\t\t<\/h3>\n\t\t\t\t\n\t\t\t\t\n\t\t\t<\/div>\n\t\t\t\n\t\t<\/div>\n\t\t\t\t\t\t<\/div>\n\t\t\t\t<\/div>\n\t\t\t\t\t<\/div>\n\t\t\t\t<\/div>\n\t\t<div class=\"elementor-element elementor-element-1a0e5b69 e-flex e-con-boxed wpr-particle-no wpr-jarallax-no wpr-parallax-no wpr-sticky-section-no wpr-equal-height-no e-con e-parent\" data-id=\"1a0e5b69\" data-element_type=\"container\" data-e-type=\"container\">\n\t\t\t\t\t<div class=\"e-con-inner\">\n\t\t\t\t<div class=\"elementor-element elementor-element-4b69f27d elementor-widget elementor-widget-heading\" data-id=\"4b69f27d\" data-element_type=\"widget\" data-e-type=\"widget\" data-widget_type=\"heading.default\">\n\t\t\t\t<div class=\"elementor-widget-container\">\n\t\t\t\t\t<h4 class=\"elementor-heading-title elementor-size-default\">Episodio 2<\/h4>\t\t\t\t<\/div>\n\t\t\t\t<\/div>\n\t\t\t\t<div class=\"elementor-element elementor-element-11b647cc elementor-widget elementor-widget-heading\" data-id=\"11b647cc\" data-element_type=\"widget\" data-e-type=\"widget\" data-widget_type=\"heading.default\">\n\t\t\t\t<div class=\"elementor-widget-container\">\n\t\t\t\t\t<h2 class=\"elementor-heading-title elementor-size-default\">Descubre c\u00f3mo el OEFA protege el ambiente<\/h2>\t\t\t\t<\/div>\n\t\t\t\t<\/div>\n\t\t\t\t\t<\/div>\n\t\t\t\t<\/div>\n\t\t<div class=\"elementor-element elementor-element-3082e237 e-flex e-con-boxed wpr-particle-no wpr-jarallax-no wpr-parallax-no wpr-sticky-section-no wpr-equal-height-no e-con e-parent\" data-id=\"3082e237\" data-element_type=\"container\" data-e-type=\"container\">\n\t\t\t\t\t<div class=\"e-con-inner\">\n\t\t\t\t<div class=\"elementor-element elementor-element-79864391 elementor-widget elementor-widget-video\" data-id=\"79864391\" data-element_type=\"widget\" data-e-type=\"widget\" data-settings=\"{&quot;youtube_url&quot;:&quot;https:\\\/\\\/youtu.be\\\/kPFj5ejT4Zk&quot;,&quot;video_type&quot;:&quot;youtube&quot;,&quot;controls&quot;:&quot;yes&quot;}\" data-widget_type=\"video.default\">\n\t\t\t\t<div class=\"elementor-widget-container\">\n\t\t\t\t\t\t\t<div class=\"elementor-wrapper elementor-open-inline\">\n\t\t\t<div class=\"elementor-video\"><\/div>\t\t<\/div>\n\t\t\t\t\t\t<\/div>\n\t\t\t\t<\/div>\n\t\t\t\t\t<\/div>\n\t\t\t\t<\/div>\n\t\t<div class=\"elementor-element elementor-element-1c22638 e-flex e-con-boxed wpr-particle-no wpr-jarallax-no wpr-parallax-no wpr-sticky-section-no wpr-equal-height-no e-con e-parent\" data-id=\"1c22638\" data-element_type=\"container\" data-e-type=\"container\">\n\t\t\t\t\t<div class=\"e-con-inner\">\n\t\t\t\t<div class=\"elementor-element elementor-element-642113f elementor-widget elementor-widget-heading\" data-id=\"642113f\" data-element_type=\"widget\" data-e-type=\"widget\" data-widget_type=\"heading.default\">\n\t\t\t\t<div class=\"elementor-widget-container\">\n\t\t\t\t\t<h4 class=\"elementor-heading-title elementor-size-default\">Descripci\u00f3n<\/h4>\t\t\t\t<\/div>\n\t\t\t\t<\/div>\n\t\t\t\t<div class=\"elementor-element elementor-element-2e8e2296 elementor-widget elementor-widget-text-editor\" data-id=\"2e8e2296\" data-element_type=\"widget\" data-e-type=\"widget\" data-widget_type=\"text-editor.default\">\n\t\t\t\t<div class=\"elementor-widget-container\">\n\t\t\t\t\t\t\t\t\t<p><span class=\"yt-core-attributed-string--link-inherit-color\" dir=\"auto\">Descubre c\u00f3mo el OEFA protege el ambiente en el segundo episodio de la segunda temporada de <\/span><span class=\"yt-core-attributed-string--link-inherit-color\" dir=\"auto\">Descubriendo con Rufo y Lena<\/span><span class=\"yt-core-attributed-string--link-inherit-color\" dir=\"auto\">.<\/span><\/p>\t\t\t\t\t\t\t\t<\/div>\n\t\t\t\t<\/div>\n\t\t\t\t\t<\/div>\n\t\t\t\t<\/div>\n\t\t\t\t<\/div>\n\t\t","protected":false},"excerpt":{"rendered":"<p>Ver todos los episodios Episodio 2 Descubre c\u00f3mo el OEFA protege el ambiente Descripci\u00f3n Descubre c\u00f3mo el OEFA protege el ambiente en el segundo episodio de la segunda temporada de Descubriendo con Rufo y Lena.<\/p>\n","protected":false},"author":1,"featured_media":0,"parent":220,"menu_order":0,"comment_status":"closed","ping_status":"closed","template":"","meta":{"footnotes":""},"class_list":["post-2269","page","type-page","status-publish","hentry"],"yoast_head":"<!-- This site is optimized with the Yoast SEO plugin v27.3 - https:\/\/yoast.com\/product\/yoast-seo-wordpress\/ -->\n<title>Temporada 2 - Episodio 2 - Descubriendo con Rufo y Lena<\/title>\n<meta name=\"robots\" content=\"index, follow, max-snippet:-1, max-image-preview:large, max-video-preview:-1\" \/>\n<link rel=\"canonical\" href=\"https:\/\/www.oefa.gob.pe\/rufoylena\/episodios\/temporada-2-episodio-2\/\" \/>\n<meta property=\"og:locale\" content=\"es_ES\" \/>\n<meta property=\"og:type\" content=\"article\" \/>\n<meta property=\"og:title\" content=\"Temporada 2 - Episodio 2 - Descubriendo con Rufo y Lena\" \/>\n<meta property=\"og:description\" content=\"Ver todos los episodios Episodio 2 Descubre c\u00f3mo el OEFA protege el ambiente Descripci\u00f3n Descubre c\u00f3mo el OEFA protege el ambiente en el segundo episodio de la segunda temporada de Descubriendo con Rufo y Lena.\" \/>\n<meta property=\"og:url\" content=\"https:\/\/www.oefa.gob.pe\/rufoylena\/episodios\/temporada-2-episodio-2\/\" \/>\n<meta property=\"og:site_name\" content=\"Descubriendo con Rufo y Lena\" \/>\n<meta property=\"article:publisher\" content=\"https:\/\/www.facebook.com\/@oefa.peru\/\" \/>\n<meta property=\"article:modified_time\" content=\"2025-04-16T15:38:55+00:00\" \/>\n<meta property=\"og:image\" content=\"https:\/\/www.oefa.gob.pe\/rufoylena\/wp-content\/uploads\/sites\/4\/2025\/02\/ppt-RufoyLena-logo-2-1.png\" \/>\n\t<meta property=\"og:image:width\" content=\"432\" \/>\n\t<meta property=\"og:image:height\" content=\"389\" \/>\n\t<meta property=\"og:image:type\" content=\"image\/png\" \/>\n<meta name=\"twitter:card\" content=\"summary_large_image\" \/>\n<meta name=\"twitter:site\" content=\"@OEFAperu\" \/>\n<script type=\"application\/ld+json\" class=\"yoast-schema-graph\">{\"@context\":\"https:\\\/\\\/schema.org\",\"@graph\":[{\"@type\":\"WebPage\",\"@id\":\"https:\\\/\\\/www.oefa.gob.pe\\\/rufoylena\\\/episodios\\\/temporada-2-episodio-2\\\/\",\"url\":\"https:\\\/\\\/www.oefa.gob.pe\\\/rufoylena\\\/episodios\\\/temporada-2-episodio-2\\\/\",\"name\":\"Temporada 2 - Episodio 2 - Descubriendo con Rufo y Lena\",\"isPartOf\":{\"@id\":\"https:\\\/\\\/www.oefa.gob.pe\\\/rufoylena\\\/#website\"},\"datePublished\":\"2025-03-28T05:00:59+00:00\",\"dateModified\":\"2025-04-16T15:38:55+00:00\",\"breadcrumb\":{\"@id\":\"https:\\\/\\\/www.oefa.gob.pe\\\/rufoylena\\\/episodios\\\/temporada-2-episodio-2\\\/#breadcrumb\"},\"inLanguage\":\"es\",\"potentialAction\":[{\"@type\":\"ReadAction\",\"target\":[\"https:\\\/\\\/www.oefa.gob.pe\\\/rufoylena\\\/episodios\\\/temporada-2-episodio-2\\\/\"]}]},{\"@type\":\"BreadcrumbList\",\"@id\":\"https:\\\/\\\/www.oefa.gob.pe\\\/rufoylena\\\/episodios\\\/temporada-2-episodio-2\\\/#breadcrumb\",\"itemListElement\":[{\"@type\":\"ListItem\",\"position\":1,\"name\":\"Portada\",\"item\":\"https:\\\/\\\/www.oefa.gob.pe\\\/rufoylena\\\/\"},{\"@type\":\"ListItem\",\"position\":2,\"name\":\"Episodios\",\"item\":\"https:\\\/\\\/www.oefa.gob.pe\\\/rufoylena\\\/episodios\\\/\"},{\"@type\":\"ListItem\",\"position\":3,\"name\":\"Temporada 2 &#8211; Episodio 2\"}]},{\"@type\":\"WebSite\",\"@id\":\"https:\\\/\\\/www.oefa.gob.pe\\\/rufoylena\\\/#website\",\"url\":\"https:\\\/\\\/www.oefa.gob.pe\\\/rufoylena\\\/\",\"name\":\"Descubriendo con Rufo y Lena\",\"description\":\"Rufo y Lena\",\"publisher\":{\"@id\":\"https:\\\/\\\/www.oefa.gob.pe\\\/rufoylena\\\/#organization\"},\"potentialAction\":[{\"@type\":\"SearchAction\",\"target\":{\"@type\":\"EntryPoint\",\"urlTemplate\":\"https:\\\/\\\/www.oefa.gob.pe\\\/rufoylena\\\/?s={search_term_string}\"},\"query-input\":{\"@type\":\"PropertyValueSpecification\",\"valueRequired\":true,\"valueName\":\"search_term_string\"}}],\"inLanguage\":\"es\"},{\"@type\":\"Organization\",\"@id\":\"https:\\\/\\\/www.oefa.gob.pe\\\/rufoylena\\\/#organization\",\"name\":\"Descubriendo con Rufo y Lena\",\"alternateName\":\"Descubriendo con Rufo y Lena\",\"url\":\"https:\\\/\\\/www.oefa.gob.pe\\\/rufoylena\\\/\",\"logo\":{\"@type\":\"ImageObject\",\"inLanguage\":\"es\",\"@id\":\"https:\\\/\\\/www.oefa.gob.pe\\\/rufoylena\\\/#\\\/schema\\\/logo\\\/image\\\/\",\"url\":\"https:\\\/\\\/www.oefa.gob.pe\\\/rufoylena\\\/wp-content\\\/uploads\\\/sites\\\/4\\\/2025\\\/02\\\/ppt-RufoyLena-logo-2-1.png\",\"contentUrl\":\"https:\\\/\\\/www.oefa.gob.pe\\\/rufoylena\\\/wp-content\\\/uploads\\\/sites\\\/4\\\/2025\\\/02\\\/ppt-RufoyLena-logo-2-1.png\",\"width\":432,\"height\":389,\"caption\":\"Descubriendo con Rufo y Lena\"},\"image\":{\"@id\":\"https:\\\/\\\/www.oefa.gob.pe\\\/rufoylena\\\/#\\\/schema\\\/logo\\\/image\\\/\"},\"sameAs\":[\"https:\\\/\\\/www.facebook.com\\\/@oefa.peru\\\/\",\"https:\\\/\\\/x.com\\\/OEFAperu\",\"https:\\\/\\\/instagram.com\\\/somosoefa\",\"https:\\\/\\\/pe.linkedin.com\\\/company\\\/oefa\",\"https:\\\/\\\/www.youtube.com\\\/@OEFAperugob\",\"https:\\\/\\\/www.tiktok.com\\\/@oefaperu\"]}]}<\/script>\n<!-- \/ Yoast SEO plugin. -->","yoast_head_json":{"title":"Temporada 2 - Episodio 2 - Descubriendo con Rufo y Lena","robots":{"index":"index","follow":"follow","max-snippet":"max-snippet:-1","max-image-preview":"max-image-preview:large","max-video-preview":"max-video-preview:-1"},"canonical":"https:\/\/www.oefa.gob.pe\/rufoylena\/episodios\/temporada-2-episodio-2\/","og_locale":"es_ES","og_type":"article","og_title":"Temporada 2 - Episodio 2 - Descubriendo con Rufo y Lena","og_description":"Ver todos los episodios Episodio 2 Descubre c\u00f3mo el OEFA protege el ambiente Descripci\u00f3n Descubre c\u00f3mo el OEFA protege el ambiente en el segundo episodio de la segunda temporada de Descubriendo con Rufo y Lena.","og_url":"https:\/\/www.oefa.gob.pe\/rufoylena\/episodios\/temporada-2-episodio-2\/","og_site_name":"Descubriendo con Rufo y Lena","article_publisher":"https:\/\/www.facebook.com\/@oefa.peru\/","article_modified_time":"2025-04-16T15:38:55+00:00","og_image":[{"width":432,"height":389,"url":"https:\/\/www.oefa.gob.pe\/rufoylena\/wp-content\/uploads\/sites\/4\/2025\/02\/ppt-RufoyLena-logo-2-1.png","type":"image\/png"}],"twitter_card":"summary_large_image","twitter_site":"@OEFAperu","schema":{"@context":"https:\/\/schema.org","@graph":[{"@type":"WebPage","@id":"https:\/\/www.oefa.gob.pe\/rufoylena\/episodios\/temporada-2-episodio-2\/","url":"https:\/\/www.oefa.gob.pe\/rufoylena\/episodios\/temporada-2-episodio-2\/","name":"Temporada 2 - Episodio 2 - Descubriendo con Rufo y Lena","isPartOf":{"@id":"https:\/\/www.oefa.gob.pe\/rufoylena\/#website"},"datePublished":"2025-03-28T05:00:59+00:00","dateModified":"2025-04-16T15:38:55+00:00","breadcrumb":{"@id":"https:\/\/www.oefa.gob.pe\/rufoylena\/episodios\/temporada-2-episodio-2\/#breadcrumb"},"inLanguage":"es","potentialAction":[{"@type":"ReadAction","target":["https:\/\/www.oefa.gob.pe\/rufoylena\/episodios\/temporada-2-episodio-2\/"]}]},{"@type":"BreadcrumbList","@id":"https:\/\/www.oefa.gob.pe\/rufoylena\/episodios\/temporada-2-episodio-2\/#breadcrumb","itemListElement":[{"@type":"ListItem","position":1,"name":"Portada","item":"https:\/\/www.oefa.gob.pe\/rufoylena\/"},{"@type":"ListItem","position":2,"name":"Episodios","item":"https:\/\/www.oefa.gob.pe\/rufoylena\/episodios\/"},{"@type":"ListItem","position":3,"name":"Temporada 2 &#8211; Episodio 2"}]},{"@type":"WebSite","@id":"https:\/\/www.oefa.gob.pe\/rufoylena\/#website","url":"https:\/\/www.oefa.gob.pe\/rufoylena\/","name":"Descubriendo con Rufo y Lena","description":"Rufo y Lena","publisher":{"@id":"https:\/\/www.oefa.gob.pe\/rufoylena\/#organization"},"potentialAction":[{"@type":"SearchAction","target":{"@type":"EntryPoint","urlTemplate":"https:\/\/www.oefa.gob.pe\/rufoylena\/?s={search_term_string}"},"query-input":{"@type":"PropertyValueSpecification","valueRequired":true,"valueName":"search_term_string"}}],"inLanguage":"es"},{"@type":"Organization","@id":"https:\/\/www.oefa.gob.pe\/rufoylena\/#organization","name":"Descubriendo con Rufo y Lena","alternateName":"Descubriendo con Rufo y Lena","url":"https:\/\/www.oefa.gob.pe\/rufoylena\/","logo":{"@type":"ImageObject","inLanguage":"es","@id":"https:\/\/www.oefa.gob.pe\/rufoylena\/#\/schema\/logo\/image\/","url":"https:\/\/www.oefa.gob.pe\/rufoylena\/wp-content\/uploads\/sites\/4\/2025\/02\/ppt-RufoyLena-logo-2-1.png","contentUrl":"https:\/\/www.oefa.gob.pe\/rufoylena\/wp-content\/uploads\/sites\/4\/2025\/02\/ppt-RufoyLena-logo-2-1.png","width":432,"height":389,"caption":"Descubriendo con Rufo y Lena"},"image":{"@id":"https:\/\/www.oefa.gob.pe\/rufoylena\/#\/schema\/logo\/image\/"},"sameAs":["https:\/\/www.facebook.com\/@oefa.peru\/","https:\/\/x.com\/OEFAperu","https:\/\/instagram.com\/somosoefa","https:\/\/pe.linkedin.com\/company\/oefa","https:\/\/www.youtube.com\/@OEFAperugob","https:\/\/www.tiktok.com\/@oefaperu"]}]}},"_links":{"self":[{"href":"https:\/\/www.oefa.gob.pe\/rufoylena\/wp-json\/wp\/v2\/pages\/2269","targetHints":{"allow":["GET"]}}],"collection":[{"href":"https:\/\/www.oefa.gob.pe\/rufoylena\/wp-json\/wp\/v2\/pages"}],"about":[{"href":"https:\/\/www.oefa.gob.pe\/rufoylena\/wp-json\/wp\/v2\/types\/page"}],"author":[{"embeddable":true,"href":"https:\/\/www.oefa.gob.pe\/rufoylena\/wp-json\/wp\/v2\/users\/1"}],"replies":[{"embeddable":true,"href":"https:\/\/www.oefa.gob.pe\/rufoylena\/wp-json\/wp\/v2\/comments?post=2269"}],"version-history":[{"count":10,"href":"https:\/\/www.oefa.gob.pe\/rufoylena\/wp-json\/wp\/v2\/pages\/2269\/revisions"}],"predecessor-version":[{"id":2280,"href":"https:\/\/www.oefa.gob.pe\/rufoylena\/wp-json\/wp\/v2\/pages\/2269\/revisions\/2280"}],"up":[{"embeddable":true,"href":"https:\/\/www.oefa.gob.pe\/rufoylena\/wp-json\/wp\/v2\/pages\/220"}],"wp:attachment":[{"href":"https:\/\/www.oefa.gob.pe\/rufoylena\/wp-json\/wp\/v2\/media?parent=2269"}],"curies":[{"name":"wp","href":"https:\/\/api.w.org\/{rel}","templated":true}]}}